{"id":1647,"date":"2022-05-06T18:08:08","date_gmt":"2022-05-06T16:08:08","guid":{"rendered":"https:\/\/szkolaszycia.com.pl\/?page_id=1647"},"modified":"2022-05-06T18:08:08","modified_gmt":"2022-05-06T16:08:08","slug":"vidhuky","status":"publish","type":"page","link":"https:\/\/szkolaszycia.com.pl\/uk\/vidhuky\/","title":{"rendered":"\u0412\u0456\u0434\u0433\u0443\u043a\u0438"},"content":{"rendered":"\t\t<div data-elementor-type=\"wp-page\" data-elementor-id=\"1647\" class=\"elementor elementor-1647\" data-elementor-post-type=\"page\">\n\t\t\t\t\t\t<section class=\"elementor-section elementor-top-section elementor-element elementor-element-bc5deba elementor-section-boxed elementor-section-height-default elementor-section-height-default\" data-id=\"bc5deba\" data-element_type=\"section\">\n\t\t\t\t\t\t<div class=\"elementor-container elementor-column-gap-no\">\n\t\t\t\t\t<div class=\"elementor-column elementor-col-100 elementor-top-column elementor-element elementor-element-5b24ee2\" data-id=\"5b24ee2\" data-element_type=\"column\">\n\t\t\t<div class=\"elementor-widget-wrap elementor-element-populated\">\n\t\t\t\t\t\t<div class=\"elementor-element elementor-element-4024fb7 elementor-widget elementor-widget-image\" data-id=\"4024fb7\" data-element_type=\"widget\" data-widget_type=\"image.default\">\n\t\t\t\t<div class=\"elementor-widget-container\">\n\t\t\t<style>\/*! elementor - v3.23.0 - 25-07-2024 *\/\n.elementor-widget-image{text-align:center}.elementor-widget-image a{display:inline-block}.elementor-widget-image a img[src$=\".svg\"]{width:48px}.elementor-widget-image img{vertical-align:middle;display:inline-block}<\/style>\t\t\t\t\t\t\t\t\t\t<img fetchpriority=\"high\" decoding=\"async\" width=\"1272\" height=\"350\" src=\"https:\/\/szkolaszycia.com.pl\/wp-content\/uploads\/2021\/10\/Obszar-kompozycji-7.jpg\" class=\"attachment-full size-full wp-image-1612\" alt=\"\" srcset=\"https:\/\/szkolaszycia.com.pl\/wp-content\/uploads\/2021\/10\/Obszar-kompozycji-7.jpg 1272w, https:\/\/szkolaszycia.com.pl\/wp-content\/uploads\/2021\/10\/Obszar-kompozycji-7-600x165.jpg 600w, https:\/\/szkolaszycia.com.pl\/wp-content\/uploads\/2021\/10\/Obszar-kompozycji-7-300x83.jpg 300w, https:\/\/szkolaszycia.com.pl\/wp-content\/uploads\/2021\/10\/Obszar-kompozycji-7-1024x282.jpg 1024w, https:\/\/szkolaszycia.com.pl\/wp-content\/uploads\/2021\/10\/Obszar-kompozycji-7-768x211.jpg 768w\" sizes=\"(max-width: 1272px) 100vw, 1272px\" \/>\t\t\t\t\t\t\t\t\t\t\t\t\t<\/div>\n\t\t\t\t<\/div>\n\t\t\t\t<div class=\"elementor-element elementor-element-077d75c elementor-widget elementor-widget-heading\" data-id=\"077d75c\" data-element_type=\"widget\" data-widget_type=\"heading.default\">\n\t\t\t\t<div class=\"elementor-widget-container\">\n\t\t\t<style>\/*! elementor - v3.23.0 - 25-07-2024 *\/\n.elementor-heading-title{padding:0;margin:0;line-height:1}.elementor-widget-heading .elementor-heading-title[class*=elementor-size-]>a{color:inherit;font-size:inherit;line-height:inherit}.elementor-widget-heading .elementor-heading-title.elementor-size-small{font-size:15px}.elementor-widget-heading .elementor-heading-title.elementor-size-medium{font-size:19px}.elementor-widget-heading .elementor-heading-title.elementor-size-large{font-size:29px}.elementor-widget-heading .elementor-heading-title.elementor-size-xl{font-size:39px}.elementor-widget-heading .elementor-heading-title.elementor-size-xxl{font-size:59px}<\/style><h2 class=\"elementor-heading-title elementor-size-default\">\u041c\u0438 \u0437\u0430\u043f\u0440\u043e\u0448\u0443\u0454\u043c\u043e \u0443\u0447\u0430\u0441\u043d\u0438\u043a\u0456\u0432 \u043a\u0443\u0440\u0441\u0443 \u0432\u0438\u0441\u043b\u043e\u0432\u0438\u0442\u0438 \u0441\u0432\u043e\u044e \u0434\u0443\u043c\u043a\u0443 \u043f\u0440\u043e \u043a\u0443\u0440\u0441, \u044f\u043a\u0438\u0439 \u0432\u043e\u043d\u0438 \u0437\u0430\u043a\u0456\u043d\u0447\u0438\u043b\u0438<\/h2>\t\t<\/div>\n\t\t\t\t<\/div>\n\t\t\t\t\t<\/div>\n\t\t<\/div>\n\t\t\t\t\t<\/div>\n\t\t<\/section>\n\t\t\t\t<section class=\"elementor-section elementor-top-section elementor-element elementor-element-adcf8fe elementor-section-boxed elementor-section-height-default elementor-section-height-default\" data-id=\"adcf8fe\" data-element_type=\"section\">\n\t\t\t\t\t\t<div class=\"elementor-container elementor-column-gap-default\">\n\t\t\t\t\t<div class=\"elementor-column elementor-col-100 elementor-top-column elementor-element elementor-element-3b17732\" data-id=\"3b17732\" data-element_type=\"column\">\n\t\t\t<div class=\"elementor-widget-wrap elementor-element-populated\">\n\t\t\t\t\t\t<div class=\"elementor-element elementor-element-41baf02 elementor-widget elementor-widget-heading\" data-id=\"41baf02\" data-element_type=\"widget\" data-widget_type=\"heading.default\">\n\t\t\t\t<div class=\"elementor-widget-container\">\n\t\t\t<h3 class=\"elementor-heading-title elementor-size-default\">\u0424\u043e\u0440\u043c\u0430 \u0437\u0432\u043e\u0440\u043e\u0442\u043d\u043e\u0433\u043e \u0437\u0432'\u044f\u0437\u043a\u0443<\/h3>\t\t<\/div>\n\t\t\t\t<\/div>\n\t\t\t\t\t<\/div>\n\t\t<\/div>\n\t\t\t\t\t<\/div>\n\t\t<\/section>\n\t\t\t\t<section class=\"elementor-section elementor-top-section elementor-element elementor-element-59890fd elementor-section-boxed elementor-section-height-default elementor-section-height-default\" data-id=\"59890fd\" data-element_type=\"section\">\n\t\t\t\t\t\t<div class=\"elementor-container elementor-column-gap-default\">\n\t\t\t\t\t<div class=\"elementor-column elementor-col-100 elementor-top-column elementor-element elementor-element-5566ab8\" data-id=\"5566ab8\" data-element_type=\"column\">\n\t\t\t<div class=\"elementor-widget-wrap\">\n\t\t\t\t\t\t\t<\/div>\n\t\t<\/div>\n\t\t\t\t\t<\/div>\n\t\t<\/section>\n\t\t\t\t<section class=\"elementor-section elementor-top-section elementor-element elementor-element-6c306c8 elementor-section-boxed elementor-section-height-default elementor-section-height-default\" data-id=\"6c306c8\" data-element_type=\"section\">\n\t\t\t\t\t\t<div class=\"elementor-container elementor-column-gap-default\">\n\t\t\t\t\t<div class=\"elementor-column elementor-col-100 elementor-top-column elementor-element elementor-element-5af3018\" data-id=\"5af3018\" data-element_type=\"column\">\n\t\t\t<div class=\"elementor-widget-wrap elementor-element-populated\">\n\t\t\t\t\t\t<div class=\"elementor-element elementor-element-1fdd005 elementor-widget elementor-widget-heading\" data-id=\"1fdd005\" data-element_type=\"widget\" data-widget_type=\"heading.default\">\n\t\t\t\t<div class=\"elementor-widget-container\">\n\t\t\t<h3 class=\"elementor-heading-title elementor-size-default\">\u0420\u0435\u0437\u044e\u043c\u0435 \u043e\u0446\u0456\u043d\u043e\u043a<\/h3>\t\t<\/div>\n\t\t\t\t<\/div>\n\t\t\t\t\t<\/div>\n\t\t<\/div>\n\t\t\t\t\t<\/div>\n\t\t<\/section>\n\t\t\t\t<section class=\"elementor-section elementor-top-section elementor-element elementor-element-bc5cdde elementor-section-boxed elementor-section-height-default elementor-section-height-default\" data-id=\"bc5cdde\" data-element_type=\"section\">\n\t\t\t\t\t\t<div class=\"elementor-container elementor-column-gap-default\">\n\t\t\t\t\t<div class=\"elementor-column elementor-col-100 elementor-top-column elementor-element elementor-element-e648661\" data-id=\"e648661\" data-element_type=\"column\">\n\t\t\t<div class=\"elementor-widget-wrap\">\n\t\t\t\t\t\t\t<\/div>\n\t\t<\/div>\n\t\t\t\t\t<\/div>\n\t\t<\/section>\n\t\t\t\t<section class=\"elementor-section elementor-top-section elementor-element elementor-element-d9358c7 elementor-section-boxed elementor-section-height-default elementor-section-height-default\" data-id=\"d9358c7\" data-element_type=\"section\">\n\t\t\t\t\t\t<div class=\"elementor-container elementor-column-gap-default\">\n\t\t\t\t\t<div class=\"elementor-column elementor-col-100 elementor-top-column elementor-element elementor-element-75ac1cc\" data-id=\"75ac1cc\" data-element_type=\"column\">\n\t\t\t<div class=\"elementor-widget-wrap elementor-element-populated\">\n\t\t\t\t\t\t<div class=\"elementor-element elementor-element-0ad7154 elementor-widget elementor-widget-heading\" data-id=\"0ad7154\" data-element_type=\"widget\" data-widget_type=\"heading.default\">\n\t\t\t\t<div class=\"elementor-widget-container\">\n\t\t\t<h3 class=\"elementor-heading-title elementor-size-default\">\u0414\u0443\u043c\u043a\u0438 \u0443\u0447\u0430\u0441\u043d\u0438\u043a\u0456\u0432<\/h3>\t\t<\/div>\n\t\t\t\t<\/div>\n\t\t\t\t\t<\/div>\n\t\t<\/div>\n\t\t\t\t\t<\/div>\n\t\t<\/section>\n\t\t\t\t<section class=\"elementor-section elementor-top-section elementor-element elementor-element-8c1b881 elementor-section-boxed elementor-section-height-default elementor-section-height-default\" data-id=\"8c1b881\" data-element_type=\"section\">\n\t\t\t\t\t\t<div class=\"elementor-container elementor-column-gap-default\">\n\t\t\t\t\t<div class=\"elementor-column elementor-col-100 elementor-top-column elementor-element elementor-element-16f0fa3\" data-id=\"16f0fa3\" data-element_type=\"column\">\n\t\t\t<div class=\"elementor-widget-wrap\">\n\t\t\t\t\t\t\t<\/div>\n\t\t<\/div>\n\t\t\t\t\t<\/div>\n\t\t<\/section>\n\t\t\t\t<\/div>\n\t\t","protected":false},"excerpt":{"rendered":"<p>\u041c\u0438 \u0437\u0430\u043f\u0440\u043e\u0448\u0443\u0454\u043c\u043e \u0443\u0447\u0430\u0441\u043d\u0438\u043a\u0456\u0432 \u043a\u0443\u0440\u0441\u0443 \u0432\u0438\u0441\u043b\u043e\u0432\u0438\u0442\u0438 \u0441\u0432\u043e\u044e \u0434\u0443\u043c\u043a\u0443 \u043f\u0440\u043e \u043a\u0443\u0440\u0441, \u044f\u043a\u0438\u0439 \u0432\u043e\u043d\u0438 \u0437\u0430\u043a\u0456\u043d\u0447\u0438\u043b\u0438 \u0424\u043e\u0440\u043c\u0430 \u0437\u0432\u043e\u0440\u043e\u0442\u043d\u043e\u0433\u043e \u0437\u0432&#8217;\u044f\u0437\u043a\u0443 Opinia Twoja ocena Select a Rating5 Stars4 Stars3 Stars2 Stars1 Star Nazwa kursu Opinia Imi\u0119 i Nazwisko Tw\u00f3j email Ta recenzja jest oparta na moim w\u0142asnym do\u015bwiadczeniu i jest moj\u0105 szczer\u0105 opini\u0105. \u200b Wy\u015blij opini\u0119 \u0420\u0435\u0437\u044e\u043c\u0435 \u043e\u0446\u0456\u043d\u043e\u043a \u0414\u0443\u043c\u043a\u0438 \u0443\u0447\u0430\u0441\u043d\u0438\u043a\u0456\u0432 Sukienka&hellip;&nbsp;<a href=\"https:\/\/szkolaszycia.com.pl\/uk\/vidhuky\/\" class=\"\" rel=\"bookmark\">\u0427\u0438\u0442\u0430\u0442\u0438 \u0434\u0430\u043b\u0456 &raquo;<span class=\"screen-reader-text\">\u0412\u0456\u0434\u0433\u0443\u043a\u0438<\/span><\/a><\/p>\n","protected":false},"author":1,"featured_media":0,"parent":0,"menu_order":5,"comment_status":"closed","ping_status":"closed","template":"page-templates\/template-pagebuilder-full-width.php","meta":{"_monsterinsights_skip_tracking":false,"_monsterinsights_sitenote_active":false,"_monsterinsights_sitenote_note":"","_monsterinsights_sitenote_category":0,"neve_meta_sidebar":"","neve_meta_container":"","neve_meta_enable_content_width":"off","neve_meta_content_width":70,"neve_meta_title_alignment":"","neve_meta_author_avatar":"","neve_post_elements_order":"","neve_meta_disable_header":"","neve_meta_disable_footer":"","neve_meta_disable_title":"","footnotes":""},"class_list":["post-1647","page","type-page","status-publish","hentry"],"yoast_head":"<!-- This site is optimized with the Yoast SEO Premium plugin v22.3 (Yoast SEO v22.3) - https:\/\/yoast.com\/wordpress\/plugins\/seo\/ -->\n<title>\u0412\u0456\u0434\u0433\u0443\u043a\u0438 - \u041a\u0440\u0430\u043a\u0456\u0432\u0441\u044c\u043a\u0430 \u0448\u043a\u043e\u043b\u0430 \u0448\u0438\u0442\u0442\u044f<\/title>\n<meta name=\"robots\" content=\"index, follow, max-snippet:-1, max-image-preview:large, max-video-preview:-1\" \/>\n<link rel=\"canonical\" href=\"https:\/\/szkolaszycia.com.pl\/uk\/vidhuky\/\" \/>\n<meta property=\"og:locale\" content=\"uk_UA\" \/>\n<meta property=\"og:type\" content=\"article\" \/>\n<meta property=\"og:title\" content=\"\u0412\u0456\u0434\u0433\u0443\u043a\u0438\" \/>\n<meta property=\"og:description\" content=\"\u041c\u0438 \u0437\u0430\u043f\u0440\u043e\u0448\u0443\u0454\u043c\u043e \u0443\u0447\u0430\u0441\u043d\u0438\u043a\u0456\u0432 \u043a\u0443\u0440\u0441\u0443 \u0432\u0438\u0441\u043b\u043e\u0432\u0438\u0442\u0438 \u0441\u0432\u043e\u044e \u0434\u0443\u043c\u043a\u0443 \u043f\u0440\u043e \u043a\u0443\u0440\u0441, \u044f\u043a\u0438\u0439 \u0432\u043e\u043d\u0438 \u0437\u0430\u043a\u0456\u043d\u0447\u0438\u043b\u0438 \u0424\u043e\u0440\u043c\u0430 \u0437\u0432\u043e\u0440\u043e\u0442\u043d\u043e\u0433\u043e \u0437\u0432&#8217;\u044f\u0437\u043a\u0443 Opinia Twoja ocena Select a Rating5 Stars4 Stars3 Stars2 Stars1 Star Nazwa kursu Opinia Imi\u0119 i Nazwisko Tw\u00f3j email Ta recenzja jest oparta na moim w\u0142asnym do\u015bwiadczeniu i jest moj\u0105 szczer\u0105 opini\u0105. \u200b Wy\u015blij opini\u0119 \u0420\u0435\u0437\u044e\u043c\u0435 \u043e\u0446\u0456\u043d\u043e\u043a \u0414\u0443\u043c\u043a\u0438 \u0443\u0447\u0430\u0441\u043d\u0438\u043a\u0456\u0432 Sukienka&hellip;&nbsp;\u0427\u0438\u0442\u0430\u0442\u0438 \u0434\u0430\u043b\u0456 &raquo;\u0412\u0456\u0434\u0433\u0443\u043a\u0438\" \/>\n<meta property=\"og:url\" content=\"https:\/\/szkolaszycia.com.pl\/uk\/vidhuky\/\" \/>\n<meta property=\"og:site_name\" content=\"\u041a\u0440\u0430\u043a\u0456\u0432\u0441\u044c\u043a\u0430 \u0448\u043a\u043e\u043b\u0430 \u0448\u0438\u0442\u0442\u044f\" \/>\n<meta property=\"article:publisher\" content=\"https:\/\/www.facebook.com\/zszywalnia\/\" \/>\n<meta property=\"og:image\" content=\"https:\/\/szkolaszycia.com.pl\/wp-content\/uploads\/2021\/10\/Obszar-kompozycji-7.jpg\" \/>\n<meta name=\"twitter:card\" content=\"summary_large_image\" \/>\n<script type=\"application\/ld+json\" class=\"yoast-schema-graph\">{\"@context\":\"https:\/\/schema.org\",\"@graph\":[{\"@type\":\"WebPage\",\"@id\":\"https:\/\/szkolaszycia.com.pl\/uk\/vidhuky\/\",\"url\":\"https:\/\/szkolaszycia.com.pl\/uk\/vidhuky\/\",\"name\":\"\u0412\u0456\u0434\u0433\u0443\u043a\u0438 - \u041a\u0440\u0430\u043a\u0456\u0432\u0441\u044c\u043a\u0430 \u0448\u043a\u043e\u043b\u0430 \u0448\u0438\u0442\u0442\u044f\",\"isPartOf\":{\"@id\":\"https:\/\/szkolaszycia.com.pl\/#website\"},\"primaryImageOfPage\":{\"@id\":\"https:\/\/szkolaszycia.com.pl\/uk\/vidhuky\/#primaryimage\"},\"image\":{\"@id\":\"https:\/\/szkolaszycia.com.pl\/uk\/vidhuky\/#primaryimage\"},\"thumbnailUrl\":\"https:\/\/szkolaszycia.com.pl\/wp-content\/uploads\/2021\/10\/Obszar-kompozycji-7.jpg\",\"datePublished\":\"2022-05-06T16:08:08+00:00\",\"dateModified\":\"2022-05-06T16:08:08+00:00\",\"breadcrumb\":{\"@id\":\"https:\/\/szkolaszycia.com.pl\/uk\/vidhuky\/#breadcrumb\"},\"inLanguage\":\"uk\",\"potentialAction\":[{\"@type\":\"ReadAction\",\"target\":[\"https:\/\/szkolaszycia.com.pl\/uk\/vidhuky\/\"]}]},{\"@type\":\"ImageObject\",\"inLanguage\":\"uk\",\"@id\":\"https:\/\/szkolaszycia.com.pl\/uk\/vidhuky\/#primaryimage\",\"url\":\"https:\/\/szkolaszycia.com.pl\/wp-content\/uploads\/2021\/10\/Obszar-kompozycji-7.jpg\",\"contentUrl\":\"https:\/\/szkolaszycia.com.pl\/wp-content\/uploads\/2021\/10\/Obszar-kompozycji-7.jpg\",\"width\":1272,\"height\":350},{\"@type\":\"BreadcrumbList\",\"@id\":\"https:\/\/szkolaszycia.com.pl\/uk\/vidhuky\/#breadcrumb\",\"itemListElement\":[{\"@type\":\"ListItem\",\"position\":1,\"name\":\"Strona g\u0142\u00f3wna\",\"item\":\"https:\/\/szkolaszycia.com.pl\/uk\/\"},{\"@type\":\"ListItem\",\"position\":2,\"name\":\"\u0412\u0456\u0434\u0433\u0443\u043a\u0438\"}]},{\"@type\":\"WebSite\",\"@id\":\"https:\/\/szkolaszycia.com.pl\/#website\",\"url\":\"https:\/\/szkolaszycia.com.pl\/\",\"name\":\"Krakowska Szko\u0142a Szycia\",\"description\":\"\u041c\u0438 \u0437\u0430\u043e\u0445\u043e\u0447\u0443\u0454\u043c\u043e \u0441\u0432\u0456\u0442 \u0448\u0438\u0442\u0438!\",\"publisher\":{\"@id\":\"https:\/\/szkolaszycia.com.pl\/#organization\"},\"potentialAction\":[{\"@type\":\"SearchAction\",\"target\":{\"@type\":\"EntryPoint\",\"urlTemplate\":\"https:\/\/szkolaszycia.com.pl\/?s={search_term_string}\"},\"query-input\":\"required name=search_term_string\"}],\"inLanguage\":\"uk\"},{\"@type\":[\"Organization\",\"Place\"],\"@id\":\"https:\/\/szkolaszycia.com.pl\/#organization\",\"name\":\"Krakowska Szko\u0142a Szycia\",\"url\":\"https:\/\/szkolaszycia.com.pl\/\",\"logo\":{\"@id\":\"https:\/\/szkolaszycia.com.pl\/uk\/vidhuky\/#local-main-organization-logo\"},\"image\":{\"@id\":\"https:\/\/szkolaszycia.com.pl\/uk\/vidhuky\/#local-main-organization-logo\"},\"sameAs\":[\"https:\/\/www.facebook.com\/zszywalnia\/\",\"https:\/\/www.instagram.com\/krakowskaszkolaszycia\/\"],\"openingHoursSpecification\":[{\"@type\":\"OpeningHoursSpecification\",\"dayOfWeek\":[\"Monday\",\"Tuesday\",\"Wednesday\",\"Thursday\",\"Friday\",\"Saturday\",\"Sunday\"],\"opens\":\"09:00\",\"closes\":\"17:00\"}]},{\"@type\":\"ImageObject\",\"inLanguage\":\"uk\",\"@id\":\"https:\/\/szkolaszycia.com.pl\/uk\/vidhuky\/#local-main-organization-logo\",\"url\":\"https:\/\/szkolaszycia.com.pl\/wp-content\/uploads\/2019\/09\/loogo-01.png\",\"contentUrl\":\"https:\/\/szkolaszycia.com.pl\/wp-content\/uploads\/2019\/09\/loogo-01.png\",\"width\":100,\"height\":100,\"caption\":\"Krakowska Szko\u0142a Szycia\"}]}<\/script>\n<!-- \/ Yoast SEO Premium plugin. -->","yoast_head_json":{"title":"\u0412\u0456\u0434\u0433\u0443\u043a\u0438 - \u041a\u0440\u0430\u043a\u0456\u0432\u0441\u044c\u043a\u0430 \u0448\u043a\u043e\u043b\u0430 \u0448\u0438\u0442\u0442\u044f","robots":{"index":"index","follow":"follow","max-snippet":"max-snippet:-1","max-image-preview":"max-image-preview:large","max-video-preview":"max-video-preview:-1"},"canonical":"https:\/\/szkolaszycia.com.pl\/uk\/vidhuky\/","og_locale":"uk_UA","og_type":"article","og_title":"\u0412\u0456\u0434\u0433\u0443\u043a\u0438","og_description":"\u041c\u0438 \u0437\u0430\u043f\u0440\u043e\u0448\u0443\u0454\u043c\u043e \u0443\u0447\u0430\u0441\u043d\u0438\u043a\u0456\u0432 \u043a\u0443\u0440\u0441\u0443 \u0432\u0438\u0441\u043b\u043e\u0432\u0438\u0442\u0438 \u0441\u0432\u043e\u044e \u0434\u0443\u043c\u043a\u0443 \u043f\u0440\u043e \u043a\u0443\u0440\u0441, \u044f\u043a\u0438\u0439 \u0432\u043e\u043d\u0438 \u0437\u0430\u043a\u0456\u043d\u0447\u0438\u043b\u0438 \u0424\u043e\u0440\u043c\u0430 \u0437\u0432\u043e\u0440\u043e\u0442\u043d\u043e\u0433\u043e \u0437\u0432&#8217;\u044f\u0437\u043a\u0443 Opinia Twoja ocena Select a Rating5 Stars4 Stars3 Stars2 Stars1 Star Nazwa kursu Opinia Imi\u0119 i Nazwisko Tw\u00f3j email Ta recenzja jest oparta na moim w\u0142asnym do\u015bwiadczeniu i jest moj\u0105 szczer\u0105 opini\u0105. \u200b Wy\u015blij opini\u0119 \u0420\u0435\u0437\u044e\u043c\u0435 \u043e\u0446\u0456\u043d\u043e\u043a \u0414\u0443\u043c\u043a\u0438 \u0443\u0447\u0430\u0441\u043d\u0438\u043a\u0456\u0432 Sukienka&hellip;&nbsp;\u0427\u0438\u0442\u0430\u0442\u0438 \u0434\u0430\u043b\u0456 &raquo;\u0412\u0456\u0434\u0433\u0443\u043a\u0438","og_url":"https:\/\/szkolaszycia.com.pl\/uk\/vidhuky\/","og_site_name":"\u041a\u0440\u0430\u043a\u0456\u0432\u0441\u044c\u043a\u0430 \u0448\u043a\u043e\u043b\u0430 \u0448\u0438\u0442\u0442\u044f","article_publisher":"https:\/\/www.facebook.com\/zszywalnia\/","og_image":[{"url":"https:\/\/szkolaszycia.com.pl\/wp-content\/uploads\/2021\/10\/Obszar-kompozycji-7.jpg"}],"twitter_card":"summary_large_image","schema":{"@context":"https:\/\/schema.org","@graph":[{"@type":"WebPage","@id":"https:\/\/szkolaszycia.com.pl\/uk\/vidhuky\/","url":"https:\/\/szkolaszycia.com.pl\/uk\/vidhuky\/","name":"\u0412\u0456\u0434\u0433\u0443\u043a\u0438 - \u041a\u0440\u0430\u043a\u0456\u0432\u0441\u044c\u043a\u0430 \u0448\u043a\u043e\u043b\u0430 \u0448\u0438\u0442\u0442\u044f","isPartOf":{"@id":"https:\/\/szkolaszycia.com.pl\/#website"},"primaryImageOfPage":{"@id":"https:\/\/szkolaszycia.com.pl\/uk\/vidhuky\/#primaryimage"},"image":{"@id":"https:\/\/szkolaszycia.com.pl\/uk\/vidhuky\/#primaryimage"},"thumbnailUrl":"https:\/\/szkolaszycia.com.pl\/wp-content\/uploads\/2021\/10\/Obszar-kompozycji-7.jpg","datePublished":"2022-05-06T16:08:08+00:00","dateModified":"2022-05-06T16:08:08+00:00","breadcrumb":{"@id":"https:\/\/szkolaszycia.com.pl\/uk\/vidhuky\/#breadcrumb"},"inLanguage":"uk","potentialAction":[{"@type":"ReadAction","target":["https:\/\/szkolaszycia.com.pl\/uk\/vidhuky\/"]}]},{"@type":"ImageObject","inLanguage":"uk","@id":"https:\/\/szkolaszycia.com.pl\/uk\/vidhuky\/#primaryimage","url":"https:\/\/szkolaszycia.com.pl\/wp-content\/uploads\/2021\/10\/Obszar-kompozycji-7.jpg","contentUrl":"https:\/\/szkolaszycia.com.pl\/wp-content\/uploads\/2021\/10\/Obszar-kompozycji-7.jpg","width":1272,"height":350},{"@type":"BreadcrumbList","@id":"https:\/\/szkolaszycia.com.pl\/uk\/vidhuky\/#breadcrumb","itemListElement":[{"@type":"ListItem","position":1,"name":"Strona g\u0142\u00f3wna","item":"https:\/\/szkolaszycia.com.pl\/uk\/"},{"@type":"ListItem","position":2,"name":"\u0412\u0456\u0434\u0433\u0443\u043a\u0438"}]},{"@type":"WebSite","@id":"https:\/\/szkolaszycia.com.pl\/#website","url":"https:\/\/szkolaszycia.com.pl\/","name":"Krakowska Szko\u0142a Szycia","description":"\u041c\u0438 \u0437\u0430\u043e\u0445\u043e\u0447\u0443\u0454\u043c\u043e \u0441\u0432\u0456\u0442 \u0448\u0438\u0442\u0438!","publisher":{"@id":"https:\/\/szkolaszycia.com.pl\/#organization"},"potentialAction":[{"@type":"SearchAction","target":{"@type":"EntryPoint","urlTemplate":"https:\/\/szkolaszycia.com.pl\/?s={search_term_string}"},"query-input":"required name=search_term_string"}],"inLanguage":"uk"},{"@type":["Organization","Place"],"@id":"https:\/\/szkolaszycia.com.pl\/#organization","name":"Krakowska Szko\u0142a Szycia","url":"https:\/\/szkolaszycia.com.pl\/","logo":{"@id":"https:\/\/szkolaszycia.com.pl\/uk\/vidhuky\/#local-main-organization-logo"},"image":{"@id":"https:\/\/szkolaszycia.com.pl\/uk\/vidhuky\/#local-main-organization-logo"},"sameAs":["https:\/\/www.facebook.com\/zszywalnia\/","https:\/\/www.instagram.com\/krakowskaszkolaszycia\/"],"openingHoursSpecification":[{"@type":"OpeningHoursSpecification","dayOfWeek":["Monday","Tuesday","Wednesday","Thursday","Friday","Saturday","Sunday"],"opens":"09:00","closes":"17:00"}]},{"@type":"ImageObject","inLanguage":"uk","@id":"https:\/\/szkolaszycia.com.pl\/uk\/vidhuky\/#local-main-organization-logo","url":"https:\/\/szkolaszycia.com.pl\/wp-content\/uploads\/2019\/09\/loogo-01.png","contentUrl":"https:\/\/szkolaszycia.com.pl\/wp-content\/uploads\/2019\/09\/loogo-01.png","width":100,"height":100,"caption":"Krakowska Szko\u0142a Szycia"}]}},"_links":{"self":[{"href":"https:\/\/szkolaszycia.com.pl\/uk\/wp-json\/wp\/v2\/pages\/1647","targetHints":{"allow":["GET"]}}],"collection":[{"href":"https:\/\/szkolaszycia.com.pl\/uk\/wp-json\/wp\/v2\/pages"}],"about":[{"href":"https:\/\/szkolaszycia.com.pl\/uk\/wp-json\/wp\/v2\/types\/page"}],"author":[{"embeddable":true,"href":"https:\/\/szkolaszycia.com.pl\/uk\/wp-json\/wp\/v2\/users\/1"}],"replies":[{"embeddable":true,"href":"https:\/\/szkolaszycia.com.pl\/uk\/wp-json\/wp\/v2\/comments?post=1647"}],"version-history":[{"count":0,"href":"https:\/\/szkolaszycia.com.pl\/uk\/wp-json\/wp\/v2\/pages\/1647\/revisions"}],"wp:attachment":[{"href":"https:\/\/szkolaszycia.com.pl\/uk\/wp-json\/wp\/v2\/media?parent=1647"}],"curies":[{"name":"wp","href":"https:\/\/api.w.org\/{rel}","templated":true}]}}